{"id":52,"date":"2018-12-27T15:13:12","date_gmt":"2018-12-27T14:13:12","guid":{"rendered":"https:\/\/colegioaleman-sanramon.com\/de\/?page_id=52"},"modified":"2022-10-24T17:27:51","modified_gmt":"2022-10-24T15:27:51","slug":"willkommen","status":"publish","type":"page","link":"https:\/\/colegioaleman-sanramon.com\/de\/","title":{"rendered":"Willkommen"},"content":{"rendered":"<h3 class=\"media-block__title block__title \"><span class=\"block__title-link theme--primary-text-color\">Willkommen<\/span><\/h3>\n<p>Herzlich willkommen auf der offiziellen Webseite der U.E. Adventista Alem\u00e1n San Ram\u00f3n. Wir freuen uns, Ihnen unsere Schule vorstellen zu d\u00fcrfen. Schauen Sie sich um und lernen Sie uns kennen.<\/p>\n","protected":false},"excerpt":{"rendered":"<p>Willkommen Herzlich willkommen auf der offiziellen Webseite der U.E. Adventista Alem\u00e1n San Ram\u00f3n. Wir freuen uns, Ihnen unsere Schule vorstellen zu d\u00fcrfen. Schauen Sie sich um und lernen Sie uns kennen.<\/p>\n","protected":false},"author":1,"featured_media":0,"parent":0,"menu_order":0,"comment_status":"closed","ping_status":"closed","template":"template-home.php","meta":[],"acf":[],"_links":{"self":[{"href":"https:\/\/colegioaleman-sanramon.com\/de\/wp-json\/wp\/v2\/pages\/52"}],"collection":[{"href":"https:\/\/colegioaleman-sanramon.com\/de\/wp-json\/wp\/v2\/pages"}],"about":[{"href":"https:\/\/colegioaleman-sanramon.com\/de\/wp-json\/wp\/v2\/types\/page"}],"author":[{"embeddable":true,"href":"https:\/\/colegioaleman-sanramon.com\/de\/wp-json\/wp\/v2\/users\/1"}],"replies":[{"embeddable":true,"href":"https:\/\/colegioaleman-sanramon.com\/de\/wp-json\/wp\/v2\/comments?post=52"}],"version-history":[{"count":10,"href":"https:\/\/colegioaleman-sanramon.com\/de\/wp-json\/wp\/v2\/pages\/52\/revisions"}],"predecessor-version":[{"id":1614,"href":"https:\/\/colegioaleman-sanramon.com\/de\/wp-json\/wp\/v2\/pages\/52\/revisions\/1614"}],"wp:attachment":[{"href":"https:\/\/colegioaleman-sanramon.com\/de\/wp-json\/wp\/v2\/media?parent=52"}],"curies":[{"name":"wp","href":"https:\/\/api.w.org\/{rel}","templated":true}]}}