{"id":1487,"date":"2021-08-23T18:41:26","date_gmt":"2021-08-23T16:41:26","guid":{"rendered":"https:\/\/colegioaleman-sanramon.com\/de\/?page_id=1487"},"modified":"2022-10-24T17:35:40","modified_gmt":"2022-10-24T15:35:40","slug":"anmeldung","status":"publish","type":"page","link":"https:\/\/colegioaleman-sanramon.com\/de\/anmeldung\/","title":{"rendered":"Anmeldung"},"content":{"rendered":"<p><img loading=\"lazy\" class=\"alignnone size-full wp-image-1561\" src=\"https:\/\/colegioaleman-sanramon.com\/de\/wp-content\/uploads\/2021\/10\/anmeldung.jpg\" alt=\"\" width=\"800\" height=\"500\" srcset=\"https:\/\/colegioaleman-sanramon.com\/de\/wp-content\/uploads\/2021\/10\/anmeldung.jpg 800w, https:\/\/colegioaleman-sanramon.com\/de\/wp-content\/uploads\/2021\/10\/anmeldung-300x188.jpg 300w, https:\/\/colegioaleman-sanramon.com\/de\/wp-content\/uploads\/2021\/10\/anmeldung-768x480.jpg 768w, https:\/\/colegioaleman-sanramon.com\/de\/wp-content\/uploads\/2021\/10\/anmeldung-350x219.jpg 350w, https:\/\/colegioaleman-sanramon.com\/de\/wp-content\/uploads\/2021\/10\/anmeldung-700x438.jpg 700w\" sizes=\"(max-width: 800px) 100vw, 800px\" \/><\/p>\n<p>Sie m\u00f6chten Ihr Kind an unserer Schule anmelden? Wir freuen uns dar\u00fcber!<br \/>\nBitte beachten Sie dazu die folgenden Schritte:<\/p>\n<ol>\n<li style=\"list-style-type: none;\">\n<ol>\n<li>Nehmen Sie mit uns\u00a0<a href=\"https:\/\/colegioaleman-sanramon.com\/de\/kontakt\/\">Kontakt<\/a> auf und vereinbaren Sie ein pers\u00f6nliches Gespr\u00e4ch. Gerne k\u00f6nnen Sie und Ihr Kind auch zu einem Schnuppertermin vorbeikommen.<\/li>\n<li>Sie erhalten von uns Anmeldeformulare, die Sie zusammen mit den ben\u00f6tigten Dokumenten bei der Schulleitung einreichen.<\/li>\n<li>Wir informieren sie \u00fcber den Aufnahmeentscheid und h\u00e4ndigen Ihnen den unterschriebenen Schulvertrag aus.<\/li>\n<li>Der Schulvertrag beinhaltet eine sechsmonatige Probezeit.<\/li>\n<\/ol>\n<\/li>\n<\/ol>\n<p><strong>Anmeldeschluss <\/strong>f\u00fcr neue Sch\u00fcler ist der 10. Januar.<\/p>\n<p><strong>Kosten: <\/strong>550 Bs pro Monat (10 Monate)<\/p>\n<p>&nbsp;<\/p>\n","protected":false},"excerpt":{"rendered":"<p>Sie m\u00f6chten Ihr Kind an unserer Schule anmelden? Wir freuen uns dar\u00fcber! Bitte beachten Sie dazu die folgenden Schritte: Nehmen Sie mit uns\u00a0Kontakt auf und vereinbaren Sie ein pers\u00f6nliches Gespr\u00e4ch. Gerne k\u00f6nnen Sie und Ihr Kind auch zu einem Schnuppertermin vorbeikommen. Sie erhalten von uns Anmeldeformulare, die Sie zusammen mit den ben\u00f6tigten Dokumenten bei der &hellip; <a href=\"https:\/\/colegioaleman-sanramon.com\/de\/anmeldung\/\">Continued<\/a><\/p>\n","protected":false},"author":1,"featured_media":0,"parent":0,"menu_order":0,"comment_status":"closed","ping_status":"closed","template":"","meta":[],"acf":[],"_links":{"self":[{"href":"https:\/\/colegioaleman-sanramon.com\/de\/wp-json\/wp\/v2\/pages\/1487"}],"collection":[{"href":"https:\/\/colegioaleman-sanramon.com\/de\/wp-json\/wp\/v2\/pages"}],"about":[{"href":"https:\/\/colegioaleman-sanramon.com\/de\/wp-json\/wp\/v2\/types\/page"}],"author":[{"embeddable":true,"href":"https:\/\/colegioaleman-sanramon.com\/de\/wp-json\/wp\/v2\/users\/1"}],"replies":[{"embeddable":true,"href":"https:\/\/colegioaleman-sanramon.com\/de\/wp-json\/wp\/v2\/comments?post=1487"}],"version-history":[{"count":11,"href":"https:\/\/colegioaleman-sanramon.com\/de\/wp-json\/wp\/v2\/pages\/1487\/revisions"}],"predecessor-version":[{"id":1615,"href":"https:\/\/colegioaleman-sanramon.com\/de\/wp-json\/wp\/v2\/pages\/1487\/revisions\/1615"}],"wp:attachment":[{"href":"https:\/\/colegioaleman-sanramon.com\/de\/wp-json\/wp\/v2\/media?parent=1487"}],"curies":[{"name":"wp","href":"https:\/\/api.w.org\/{rel}","templated":true}]}}