{"id":1392,"date":"2021-08-23T16:46:55","date_gmt":"2021-08-23T14:46:55","guid":{"rendered":"https:\/\/colegioaleman-sanramon.com\/de\/?page_id=1392"},"modified":"2021-08-25T13:41:11","modified_gmt":"2021-08-25T11:41:11","slug":"ziele","status":"publish","type":"page","link":"https:\/\/colegioaleman-sanramon.com\/de\/ziele\/","title":{"rendered":"Ziele"},"content":{"rendered":"<p><img loading=\"lazy\" class=\"alignnone size-full wp-image-1510\" src=\"https:\/\/colegioaleman-sanramon.com\/de\/wp-content\/uploads\/2021\/08\/schueler.jpg\" alt=\"\" width=\"800\" height=\"500\" srcset=\"https:\/\/colegioaleman-sanramon.com\/de\/wp-content\/uploads\/2021\/08\/schueler.jpg 800w, https:\/\/colegioaleman-sanramon.com\/de\/wp-content\/uploads\/2021\/08\/schueler-300x188.jpg 300w, https:\/\/colegioaleman-sanramon.com\/de\/wp-content\/uploads\/2021\/08\/schueler-768x480.jpg 768w, https:\/\/colegioaleman-sanramon.com\/de\/wp-content\/uploads\/2021\/08\/schueler-350x219.jpg 350w, https:\/\/colegioaleman-sanramon.com\/de\/wp-content\/uploads\/2021\/08\/schueler-700x438.jpg 700w\" sizes=\"(max-width: 800px) 100vw, 800px\" \/><\/p>\n<p>Unsere Schule soll ein Ort sein, an dem die Kinder\u2026<\/p>\n<ul>\n<li>\u2026 Freude am Lernen haben.<\/li>\n<li>\u2026 in ihrer individuellen Pers\u00f6nlichkeit und Begabung gef\u00f6rdert werden und dadurch eine gesunde Pers\u00f6nlichkeitsentwicklung durchlaufen.<\/li>\n<li>\u2026 sich angenommen und als geliebte Gesch\u00f6pfe Gottes f\u00fchlen.<\/li>\n<li>\u2026 lernen, die Herausforderungen des Lebens erfolgreich zu meistern.<\/li>\n<li>\u2026 ermutigt werden, \u00fcber sich selbst hinauszuwachsen durch: Eine gute Bildung, biblische Werteerziehung und eine gesunde Lebensweise.<\/li>\n<li>\u2026 biblischen Unterricht erleben d\u00fcrfen.<\/li>\n<li>\u2026 zu einer pers\u00f6nlichen Beziehung mit Jesus Christus gef\u00fchrt werden.<\/li>\n<\/ul>\n","protected":false},"excerpt":{"rendered":"<p>Unsere Schule soll ein Ort sein, an dem die Kinder\u2026 \u2026 Freude am Lernen haben. \u2026 in ihrer individuellen Pers\u00f6nlichkeit und Begabung gef\u00f6rdert werden und dadurch eine gesunde Pers\u00f6nlichkeitsentwicklung durchlaufen. \u2026 sich angenommen und als geliebte Gesch\u00f6pfe Gottes f\u00fchlen. \u2026 lernen, die Herausforderungen des Lebens erfolgreich zu meistern. \u2026 ermutigt werden, \u00fcber sich selbst hinauszuwachsen &hellip; <a href=\"https:\/\/colegioaleman-sanramon.com\/de\/ziele\/\">Continued<\/a><\/p>\n","protected":false},"author":1,"featured_media":0,"parent":0,"menu_order":0,"comment_status":"closed","ping_status":"closed","template":"","meta":[],"acf":[],"_links":{"self":[{"href":"https:\/\/colegioaleman-sanramon.com\/de\/wp-json\/wp\/v2\/pages\/1392"}],"collection":[{"href":"https:\/\/colegioaleman-sanramon.com\/de\/wp-json\/wp\/v2\/pages"}],"about":[{"href":"https:\/\/colegioaleman-sanramon.com\/de\/wp-json\/wp\/v2\/types\/page"}],"author":[{"embeddable":true,"href":"https:\/\/colegioaleman-sanramon.com\/de\/wp-json\/wp\/v2\/users\/1"}],"replies":[{"embeddable":true,"href":"https:\/\/colegioaleman-sanramon.com\/de\/wp-json\/wp\/v2\/comments?post=1392"}],"version-history":[{"count":6,"href":"https:\/\/colegioaleman-sanramon.com\/de\/wp-json\/wp\/v2\/pages\/1392\/revisions"}],"predecessor-version":[{"id":1517,"href":"https:\/\/colegioaleman-sanramon.com\/de\/wp-json\/wp\/v2\/pages\/1392\/revisions\/1517"}],"wp:attachment":[{"href":"https:\/\/colegioaleman-sanramon.com\/de\/wp-json\/wp\/v2\/media?parent=1392"}],"curies":[{"name":"wp","href":"https:\/\/api.w.org\/{rel}","templated":true}]}}